{"id":42,"date":"2024-12-02T08:36:36","date_gmt":"2024-12-02T07:36:36","guid":{"rendered":"https:\/\/solidpro.com.pl\/index.php\/home\/"},"modified":"2024-12-05T10:58:48","modified_gmt":"2024-12-05T09:58:48","slug":"home","status":"publish","type":"page","link":"https:\/\/solidpro.com.pl\/","title":{"rendered":"Strona g\u0142\u00f3wna"},"content":{"rendered":"\t\t<div data-elementor-type=\"wp-page\" data-elementor-id=\"42\" class=\"elementor elementor-42\">\n\t\t\t\t<div class=\"elementor-element elementor-element-d5cfde3 e-flex e-con-boxed e-con e-parent\" data-id=\"d5cfde3\" data-element_type=\"container\" data-settings=\"{&quot;background_background&quot;:&quot;slideshow&quot;,&quot;background_slideshow_gallery&quot;:[{&quot;id&quot;:65,&quot;url&quot;:&quot;https:\\\/\\\/solidpro.com.pl\\\/wp-content\\\/uploads\\\/2024\\\/12\\\/IMG_20240904_191050226_HDR-scaled.jpg&quot;}],&quot;background_slideshow_loop&quot;:&quot;yes&quot;,&quot;background_slideshow_slide_duration&quot;:5000,&quot;background_slideshow_slide_transition&quot;:&quot;fade&quot;,&quot;background_slideshow_transition_duration&quot;:500}\">\n\t\t\t\t\t<div class=\"e-con-inner\">\n\t\t\t\t<div class=\"elementor-element elementor-element-3ecd55be elementor-invisible elementor-widget elementor-widget-heading\" data-id=\"3ecd55be\" data-element_type=\"widget\" data-settings=\"{&quot;_animation&quot;:&quot;fadeIn&quot;}\" data-widget_type=\"heading.default\">\n\t\t\t\t<div class=\"elementor-widget-container\">\n\t\t\t<h1 class=\"elementor-heading-title elementor-size-default\">Zabudowy campervan\u00f3w<\/h1>\t\t<\/div>\n\t\t\t\t<\/div>\n\t\t\t\t<div class=\"elementor-element elementor-element-32b3f1bc elementor-invisible elementor-widget elementor-widget-heading\" data-id=\"32b3f1bc\" data-element_type=\"widget\" data-settings=\"{&quot;_animation&quot;:&quot;fadeIn&quot;}\" data-widget_type=\"heading.default\">\n\t\t\t\t<div class=\"elementor-widget-container\">\n\t\t\t<h6 class=\"elementor-heading-title elementor-size-default\">Zbudujemy dla Ciebie vana idealnie dopasowanego do twoich potrzeb i oczekiwa\u0144<\/h6>\t\t<\/div>\n\t\t\t\t<\/div>\n\t\t\t\t<div class=\"elementor-element elementor-element-2a921c06 elementor-align-center elementor-invisible elementor-widget elementor-widget-button\" data-id=\"2a921c06\" data-element_type=\"widget\" data-settings=\"{&quot;_animation&quot;:&quot;fadeIn&quot;,&quot;_animation_delay&quot;:400}\" data-widget_type=\"button.default\">\n\t\t\t\t<div class=\"elementor-widget-container\">\n\t\t\t\t\t\t\t<div class=\"elementor-button-wrapper\">\n\t\t\t\t\t<a class=\"elementor-button elementor-button-link elementor-size-sm\" href=\"http:\/\/505%20377\">\n\t\t\t\t\t\t<span class=\"elementor-button-content-wrapper\">\n\t\t\t\t\t\t\t\t\t<span class=\"elementor-button-text\">tel 505 377 893<\/span>\n\t\t\t\t\t<\/span>\n\t\t\t\t\t<\/a>\n\t\t\t\t<\/div>\n\t\t\t\t\t\t<\/div>\n\t\t\t\t<\/div>\n\t\t\t\t\t<\/div>\n\t\t\t\t<\/div>\n\t\t<div class=\"elementor-element elementor-element-4c3cac6b e-flex e-con-boxed e-con e-parent\" data-id=\"4c3cac6b\" data-element_type=\"container\">\n\t\t\t\t\t<div class=\"e-con-inner\">\n\t\t<div class=\"elementor-element elementor-element-34530233 e-con-full e-flex e-con e-child\" data-id=\"34530233\" data-element_type=\"container\" data-settings=\"{&quot;background_background&quot;:&quot;classic&quot;}\">\n\t\t<div class=\"elementor-element elementor-element-f675aaa e-con-full e-flex e-con e-child\" data-id=\"f675aaa\" data-element_type=\"container\">\n\t\t\t\t<div class=\"elementor-element elementor-element-fd757f1 elementor-widget elementor-widget-image\" data-id=\"fd757f1\" data-element_type=\"widget\" data-widget_type=\"image.default\">\n\t\t\t\t<div class=\"elementor-widget-container\">\n\t\t\t\t\t\t\t\t\t\t\t\t\t<img fetchpriority=\"high\" decoding=\"async\" width=\"683\" height=\"1024\" src=\"https:\/\/solidpro.com.pl\/wp-content\/uploads\/2024\/12\/pexels-anna-shvets-5710870po-konwersji-683x1024.jpeg\" class=\"attachment-large size-large wp-image-68\" alt=\"\" srcset=\"https:\/\/solidpro.com.pl\/wp-content\/uploads\/2024\/12\/pexels-anna-shvets-5710870po-konwersji-683x1024.jpeg 683w, https:\/\/solidpro.com.pl\/wp-content\/uploads\/2024\/12\/pexels-anna-shvets-5710870po-konwersji-200x300.jpeg 200w, https:\/\/solidpro.com.pl\/wp-content\/uploads\/2024\/12\/pexels-anna-shvets-5710870po-konwersji-768x1152.jpeg 768w, https:\/\/solidpro.com.pl\/wp-content\/uploads\/2024\/12\/pexels-anna-shvets-5710870po-konwersji-1024x1536.jpeg 1024w, https:\/\/solidpro.com.pl\/wp-content\/uploads\/2024\/12\/pexels-anna-shvets-5710870po-konwersji-1365x2048.jpeg 1365w, https:\/\/solidpro.com.pl\/wp-content\/uploads\/2024\/12\/pexels-anna-shvets-5710870po-konwersji-scaled.jpeg 1707w\" sizes=\"(max-width: 683px) 100vw, 683px\" \/>\t\t\t\t\t\t\t\t\t\t\t\t\t<\/div>\n\t\t\t\t<\/div>\n\t\t\t\t<div class=\"elementor-element elementor-element-38815b8 elementor-widget elementor-widget-image\" data-id=\"38815b8\" data-element_type=\"widget\" data-widget_type=\"image.default\">\n\t\t\t\t<div class=\"elementor-widget-container\">\n\t\t\t\t\t\t\t\t\t\t\t\t\t<img decoding=\"async\" width=\"683\" height=\"1024\" src=\"https:\/\/solidpro.com.pl\/wp-content\/uploads\/2024\/12\/pexels-lilartsy-1111562-1-po-konwersji-683x1024.jpg\" class=\"attachment-large size-large wp-image-69\" alt=\"\" srcset=\"https:\/\/solidpro.com.pl\/wp-content\/uploads\/2024\/12\/pexels-lilartsy-1111562-1-po-konwersji-683x1024.jpg 683w, https:\/\/solidpro.com.pl\/wp-content\/uploads\/2024\/12\/pexels-lilartsy-1111562-1-po-konwersji-200x300.jpg 200w, https:\/\/solidpro.com.pl\/wp-content\/uploads\/2024\/12\/pexels-lilartsy-1111562-1-po-konwersji-768x1152.jpg 768w, https:\/\/solidpro.com.pl\/wp-content\/uploads\/2024\/12\/pexels-lilartsy-1111562-1-po-konwersji-1024x1536.jpg 1024w, https:\/\/solidpro.com.pl\/wp-content\/uploads\/2024\/12\/pexels-lilartsy-1111562-1-po-konwersji-1365x2048.jpg 1365w, https:\/\/solidpro.com.pl\/wp-content\/uploads\/2024\/12\/pexels-lilartsy-1111562-1-po-konwersji-scaled.jpg 1707w\" sizes=\"(max-width: 683px) 100vw, 683px\" \/>\t\t\t\t\t\t\t\t\t\t\t\t\t<\/div>\n\t\t\t\t<\/div>\n\t\t\t\t<\/div>\n\t\t\t\t<\/div>\n\t\t<div class=\"elementor-element elementor-element-38737bf9 e-con-full e-flex e-con e-child\" data-id=\"38737bf9\" data-element_type=\"container\">\n\t\t\t\t<div class=\"elementor-element elementor-element-4fa4a666 elementor-widget elementor-widget-heading\" data-id=\"4fa4a666\" data-element_type=\"widget\" data-widget_type=\"heading.default\">\n\t\t\t\t<div class=\"elementor-widget-container\">\n\t\t\t<h2 class=\"elementor-heading-title elementor-size-default\">Jak dzia\u0142amy?<\/h2>\t\t<\/div>\n\t\t\t\t<\/div>\n\t\t\t\t<div class=\"elementor-element elementor-element-3e691c69 elementor-widget__width-initial elementor-widget elementor-widget-text-editor\" data-id=\"3e691c69\" data-element_type=\"widget\" data-widget_type=\"text-editor.default\">\n\t\t\t\t<div class=\"elementor-widget-container\">\n\t\t\t\t\t\t\t<p>Nasze podej\u015bcie do klienta opiera si\u0119 na pe\u0142nym <b>zrozumieniu Twoich potrzeb <\/b>i pomys\u0142\u00f3w.&nbsp;<\/p>\n<p>Je\u015bli masz ju\u017c <b>wizj\u0119 swojego kampera<\/b>, wsp\u00f3lnie analizujemy Tw\u00f3j projekt, wskazujemy jego <i>mocne<\/i> strony i sugerujemy ewentualne usprawnienia. Je\u015bli natomiast przychodzisz bez gotowego pomys\u0142u, <b>pomagamy Ci okre\u015bli\u0107 potrzeby i plany u\u017cytkowania<\/b>, tworz\u0105c od podstaw idealn\u0105 <b>koncepcj\u0119 zabudowy.<\/b> Dzi\u0119ki naszemu zaanga\u017cowaniu i kreatywnemu podej\u015bciu jeste\u015bmy w stanie wdro\u017cy\u0107 nawet <b>najbardziej nietypowe i oryginalne rozwi\u0105zania.&nbsp;<\/b><\/p>\n<p>Posiadamy zdolno\u015b\u0107 <b>przekszta\u0142cania standardowej przestrzeni w wyj\u0105tkowe, funkcjonalne miejsce, <\/b>kt\u00f3re zachwyca designem i wygod\u0105. Bez wzgl\u0119du na Twoje oczekiwania czy poziom wiedzy technicznej, mo\u017cesz <b>w pe\u0142ni polega\u0107 na naszej pasji i dok\u0142adno\u015bci.&nbsp;<\/b><\/p><p><b>Poprowadzimy Ci\u0119 przez ca\u0142y proces<\/b> \u2013 od pierwszego pomys\u0142u a\u017c po realizacj\u0119 \u2013 z dba\u0142o\u015bci\u0105 o ka\u017cdy szczeg\u00f3\u0142, aby\u015b m\u00f3g\u0142 cieszy\u0107 si\u0119 kamperem idealnie dopasowanym do Twojego stylu \u017cycia.<\/p>\t\t\t\t\t\t<\/div>\n\t\t\t\t<\/div>\n\t\t\t\t<\/div>\n\t\t\t\t\t<\/div>\n\t\t\t\t<\/div>\n\t\t<div class=\"elementor-element elementor-element-76b52626 e-flex e-con-boxed e-con e-parent\" data-id=\"76b52626\" data-element_type=\"container\">\n\t\t\t\t\t<div class=\"e-con-inner\">\n\t\t\t\t<div class=\"elementor-element elementor-element-30e5297 elementor-widget elementor-widget-heading\" data-id=\"30e5297\" data-element_type=\"widget\" data-widget_type=\"heading.default\">\n\t\t\t\t<div class=\"elementor-widget-container\">\n\t\t\t<h2 class=\"elementor-heading-title elementor-size-default\">Proces budowy<\/h2>\t\t<\/div>\n\t\t\t\t<\/div>\n\t\t<div class=\"elementor-element elementor-element-b2d7dbe e-con-full e-flex e-con e-child\" data-id=\"b2d7dbe\" data-element_type=\"container\">\n\t\t\t\t<div class=\"elementor-element elementor-element-43ed2439 elementor-widget-tablet__width-initial elementor-widget-mobile__width-inherit elementor-widget__width-initial elementor-position-top elementor-widget elementor-widget-image-box\" data-id=\"43ed2439\" data-element_type=\"widget\" data-widget_type=\"image-box.default\">\n\t\t\t\t<div class=\"elementor-widget-container\">\n\t\t\t<div class=\"elementor-image-box-wrapper\"><figure class=\"elementor-image-box-img\"><img decoding=\"async\" width=\"1050\" height=\"638\" src=\"https:\/\/solidpro.com.pl\/wp-content\/uploads\/2024\/12\/zarowka-po-konwersji-1050x638-1.jpg\" class=\"elementor-animation-grow attachment-1536x1536 size-1536x1536 wp-image-70\" alt=\"\" srcset=\"https:\/\/solidpro.com.pl\/wp-content\/uploads\/2024\/12\/zarowka-po-konwersji-1050x638-1.jpg 1050w, https:\/\/solidpro.com.pl\/wp-content\/uploads\/2024\/12\/zarowka-po-konwersji-1050x638-1-300x182.jpg 300w, https:\/\/solidpro.com.pl\/wp-content\/uploads\/2024\/12\/zarowka-po-konwersji-1050x638-1-1024x622.jpg 1024w, https:\/\/solidpro.com.pl\/wp-content\/uploads\/2024\/12\/zarowka-po-konwersji-1050x638-1-768x467.jpg 768w\" sizes=\"(max-width: 1050px) 100vw, 1050px\" \/><\/figure><div class=\"elementor-image-box-content\"><h4 class=\"elementor-image-box-title\">Badanie potrzeb<\/h4><p class=\"elementor-image-box-description\">Przeprowadzimy was przez proces okre\u015blenia waszych preferencji dotycz\u0105cych wykorzystania\nvana. Zadamy Ci seri\u0119 pyta\u0144 kt\u00f3re pozwol\u0105 nam pozna\u0107 Twoje preferencje i oczekiwania, a\ntak\u017ce poka\u017cemy inne mo\u017cliwo\u015bci \/ zwr\u00f3cimy uwag\u0119 na nieoczywiste aspekty wykorzystania\nvana.\nEtap ko\u0144czy si\u0119 podsumowaniem z hierarchi\u0105 kluczowych wymaga\u0144 i tych mniej istotnych.\nPrzybli\u017conym bud\u017cetem..<\/p><\/div><\/div>\t\t<\/div>\n\t\t\t\t<\/div>\n\t\t\t\t<div class=\"elementor-element elementor-element-3afe9b04 elementor-widget-tablet__width-initial elementor-widget-mobile__width-inherit elementor-widget__width-initial elementor-position-top elementor-widget elementor-widget-image-box\" data-id=\"3afe9b04\" data-element_type=\"widget\" data-widget_type=\"image-box.default\">\n\t\t\t\t<div class=\"elementor-widget-container\">\n\t\t\t<div class=\"elementor-image-box-wrapper\"><figure class=\"elementor-image-box-img\"><img loading=\"lazy\" decoding=\"async\" width=\"1536\" height=\"933\" src=\"https:\/\/solidpro.com.pl\/wp-content\/uploads\/2024\/12\/pexels-ono-kosuki-5973969-1po-konwersji-1.webp\" class=\"elementor-animation-grow attachment-1536x1536 size-1536x1536 wp-image-74\" alt=\"\" srcset=\"https:\/\/solidpro.com.pl\/wp-content\/uploads\/2024\/12\/pexels-ono-kosuki-5973969-1po-konwersji-1.webp 1536w, https:\/\/solidpro.com.pl\/wp-content\/uploads\/2024\/12\/pexels-ono-kosuki-5973969-1po-konwersji-1-300x182.webp 300w, https:\/\/solidpro.com.pl\/wp-content\/uploads\/2024\/12\/pexels-ono-kosuki-5973969-1po-konwersji-1-1024x622.webp 1024w, https:\/\/solidpro.com.pl\/wp-content\/uploads\/2024\/12\/pexels-ono-kosuki-5973969-1po-konwersji-1-768x467.webp 768w\" sizes=\"(max-width: 1536px) 100vw, 1536px\" \/><\/figure><div class=\"elementor-image-box-content\"><h4 class=\"elementor-image-box-title\">Koncepcja<\/h4><p class=\"elementor-image-box-description\">Na podstawie poprzedniego etapu przedstawimy Ci koncepcje lub kilka koncepcji zabudowy\n(modele 3D) i wyposa\u017cenia dostosowanych do twoich wymaga\u0144 i bud\u017cetu.\nEtap ko\u0144czmy wyborem finalnej koncepcji zabudowy, zastosowanego sprz\u0119tu i ko\u0144cowej\nceny. Podpisujemy umow\u0119 i idziemy dalej. Pierwsza rata 30%<\/p><\/div><\/div>\t\t<\/div>\n\t\t\t\t<\/div>\n\t\t\t\t<div class=\"elementor-element elementor-element-c910e9e elementor-widget-tablet__width-initial elementor-widget-mobile__width-inherit elementor-widget__width-initial elementor-position-top elementor-widget elementor-widget-image-box\" data-id=\"c910e9e\" data-element_type=\"widget\" data-widget_type=\"image-box.default\">\n\t\t\t\t<div class=\"elementor-widget-container\">\n\t\t\t<div class=\"elementor-image-box-wrapper\"><figure class=\"elementor-image-box-img\"><img loading=\"lazy\" decoding=\"async\" width=\"1536\" height=\"933\" src=\"https:\/\/solidpro.com.pl\/wp-content\/uploads\/2024\/12\/pexels-jeshootscom-834892.webp\" class=\"elementor-animation-grow attachment-1536x1536 size-1536x1536 wp-image-75\" alt=\"\" srcset=\"https:\/\/solidpro.com.pl\/wp-content\/uploads\/2024\/12\/pexels-jeshootscom-834892.webp 1536w, https:\/\/solidpro.com.pl\/wp-content\/uploads\/2024\/12\/pexels-jeshootscom-834892-300x182.webp 300w, https:\/\/solidpro.com.pl\/wp-content\/uploads\/2024\/12\/pexels-jeshootscom-834892-1024x622.webp 1024w, https:\/\/solidpro.com.pl\/wp-content\/uploads\/2024\/12\/pexels-jeshootscom-834892-768x467.webp 768w\" sizes=\"(max-width: 1536px) 100vw, 1536px\" \/><\/figure><div class=\"elementor-image-box-content\"><h4 class=\"elementor-image-box-title\">Finalny projekt<\/h4><p class=\"elementor-image-box-description\">Ustalamy kolory materia\u0142\u00f3w wyko\u0144czeniowych (laminaty, forniry, tkaniny).\nEtap ko\u0144czy si\u0119 szczeg\u00f3\u0142owym projektem 3D z foto realistycznymi renderami. Po Twojej\nakceptacji przyst\u0119pujemy do dzia\u0142ania.<\/p><\/div><\/div>\t\t<\/div>\n\t\t\t\t<\/div>\n\t\t\t\t<\/div>\n\t\t<div class=\"elementor-element elementor-element-2014714 e-con-full e-flex e-con e-child\" data-id=\"2014714\" data-element_type=\"container\">\n\t\t\t\t<div class=\"elementor-element elementor-element-c2cb7da elementor-widget-tablet__width-initial elementor-widget-mobile__width-inherit elementor-widget__width-initial elementor-position-top elementor-widget elementor-widget-image-box\" data-id=\"c2cb7da\" data-element_type=\"widget\" data-widget_type=\"image-box.default\">\n\t\t\t\t<div class=\"elementor-widget-container\">\n\t\t\t<div class=\"elementor-image-box-wrapper\"><figure class=\"elementor-image-box-img\"><img loading=\"lazy\" decoding=\"async\" width=\"1536\" height=\"933\" src=\"https:\/\/solidpro.com.pl\/wp-content\/uploads\/2024\/12\/pexels-ono-kosuki-5974325po-konwersji-1.webp\" class=\"elementor-animation-grow attachment-full size-full wp-image-77\" alt=\"\" srcset=\"https:\/\/solidpro.com.pl\/wp-content\/uploads\/2024\/12\/pexels-ono-kosuki-5974325po-konwersji-1.webp 1536w, https:\/\/solidpro.com.pl\/wp-content\/uploads\/2024\/12\/pexels-ono-kosuki-5974325po-konwersji-1-300x182.webp 300w, https:\/\/solidpro.com.pl\/wp-content\/uploads\/2024\/12\/pexels-ono-kosuki-5974325po-konwersji-1-1024x622.webp 1024w, https:\/\/solidpro.com.pl\/wp-content\/uploads\/2024\/12\/pexels-ono-kosuki-5974325po-konwersji-1-768x467.webp 768w\" sizes=\"(max-width: 1536px) 100vw, 1536px\" \/><\/figure><div class=\"elementor-image-box-content\"><h4 class=\"elementor-image-box-title\">Realizacja<\/h4><p class=\"elementor-image-box-description\">Zamiana blaszaka w campervana. W trakcie realizacji jeste\u015b informowany jakie s\u0105 post\u0119py w\nbudowie, dostajesz zdj\u0119cia z kluczowych etap\u00f3w.<\/p><\/div><\/div>\t\t<\/div>\n\t\t\t\t<\/div>\n\t\t\t\t<div class=\"elementor-element elementor-element-4de3db5 elementor-widget-tablet__width-initial elementor-widget-mobile__width-inherit elementor-widget__width-initial elementor-position-top elementor-widget elementor-widget-image-box\" data-id=\"4de3db5\" data-element_type=\"widget\" data-widget_type=\"image-box.default\">\n\t\t\t\t<div class=\"elementor-widget-container\">\n\t\t\t<div class=\"elementor-image-box-wrapper\"><figure class=\"elementor-image-box-img\"><img loading=\"lazy\" decoding=\"async\" width=\"1536\" height=\"933\" src=\"https:\/\/solidpro.com.pl\/wp-content\/uploads\/2024\/12\/pexels-rodnae-productions-8230901.webp\" class=\"elementor-animation-grow attachment-full size-full wp-image-78\" alt=\"\" srcset=\"https:\/\/solidpro.com.pl\/wp-content\/uploads\/2024\/12\/pexels-rodnae-productions-8230901.webp 1536w, https:\/\/solidpro.com.pl\/wp-content\/uploads\/2024\/12\/pexels-rodnae-productions-8230901-300x182.webp 300w, https:\/\/solidpro.com.pl\/wp-content\/uploads\/2024\/12\/pexels-rodnae-productions-8230901-1024x622.webp 1024w, https:\/\/solidpro.com.pl\/wp-content\/uploads\/2024\/12\/pexels-rodnae-productions-8230901-768x467.webp 768w\" sizes=\"(max-width: 1536px) 100vw, 1536px\" \/><\/figure><div class=\"elementor-image-box-content\"><h4 class=\"elementor-image-box-title\">Odbi\u00f3r<\/h4><p class=\"elementor-image-box-description\">Odbierasz vana, przeprowadzamy szkolenie z u\u017cytkowania. Szkolenie jest nagrywane wi\u0119c\nnie ma obaw, \u017ce co\u015b umknie. Ruszasz w swoj\u0105 pierwsz\u0105 podr\u00f3\u017c wymarzonym campervanem.<\/p><\/div><\/div>\t\t<\/div>\n\t\t\t\t<\/div>\n\t\t\t\t<\/div>\n\t\t\t\t\t<\/div>\n\t\t\t\t<\/div>\n\t\t<div class=\"elementor-element elementor-element-3b702c1 e-flex e-con-boxed e-con e-parent\" data-id=\"3b702c1\" data-element_type=\"container\">\n\t\t\t\t\t<div class=\"e-con-inner\">\n\t\t\t\t<div class=\"elementor-element elementor-element-33620e3 elementor-widget elementor-widget-heading\" data-id=\"33620e3\" data-element_type=\"widget\" data-widget_type=\"heading.default\">\n\t\t\t\t<div class=\"elementor-widget-container\">\n\t\t\t<h2 class=\"elementor-heading-title elementor-size-default\">Kontakt<\/h2>\t\t<\/div>\n\t\t\t\t<\/div>\n\t\t\t\t\t<\/div>\n\t\t\t\t<\/div>\n\t\t<div class=\"elementor-element elementor-element-5648c29 e-flex e-con-boxed e-con e-parent\" data-id=\"5648c29\" data-element_type=\"container\">\n\t\t\t\t\t<div class=\"e-con-inner\">\n\t\t\t\t<div class=\"elementor-element elementor-element-a3ba0e3 elementor-widget elementor-widget-heading\" data-id=\"a3ba0e3\" data-element_type=\"widget\" data-widget_type=\"heading.default\">\n\t\t\t\t<div class=\"elementor-widget-container\">\n\t\t\t<h3 class=\"elementor-heading-title elementor-size-default\">kontakt@solidpro.com.pl<br>\nUl. Krzywda 12a<br>30-710 Krak\u00f3w<br>Tel: 505 377 893<\/h3>\t\t<\/div>\n\t\t\t\t<\/div>\n\t\t\t\t\t<\/div>\n\t\t\t\t<\/div>\n\t\t\t\t<\/div>\n\t\t","protected":false},"excerpt":{"rendered":"<p>Zabudowy campervan\u00f3w Zbudujemy dla Ciebie vana idealnie dopasowanego do twoich potrzeb i oczekiwa\u0144 tel 505 377 893 Jak dzia\u0142amy? Nasze [&hellip;]<\/p>\n","protected":false},"author":1,"featured_media":0,"parent":0,"menu_order":0,"comment_status":"closed","ping_status":"closed","template":"elementor_header_footer","meta":{"site-sidebar-layout":"default","site-content-layout":"","ast-site-content-layout":"","site-content-style":"default","site-sidebar-style":"default","ast-global-header-display":"","ast-banner-title-visibility":"","ast-main-header-display":"","ast-hfb-above-header-display":"","ast-hfb-below-header-display":"","ast-hfb-mobile-header-display":"","site-post-title":"","ast-breadcrumbs-content":"","ast-featured-img":"","footer-sml-layout":"","theme-transparent-header-meta":"","adv-header-id-meta":"","stick-header-meta":"","header-above-stick-meta":"","header-main-stick-meta":"","header-below-stick-meta":"","astra-migrate-meta-layouts":"default","ast-page-background-enabled":"default","ast-page-background-meta":{"desktop":{"background-color":"var(--ast-global-color-4)","background-image":"","background-repeat":"repeat","background-position":"center center","background-size":"auto","background-attachment":"scroll","background-type":"","background-media":"","overlay-type":"","overlay-color":"","overlay-opacity":"","overlay-gradient":""},"tablet":{"background-color":"","background-image":"","background-repeat":"repeat","background-position":"center center","background-size":"auto","background-attachment":"scroll","background-type":"","background-media":"","overlay-type":"","overlay-color":"","overlay-opacity":"","overlay-gradient":""},"mobile":{"background-color":"","background-image":"","background-repeat":"repeat","background-position":"center center","background-size":"auto","background-attachment":"scroll","background-type":"","background-media":"","overlay-type":"","overlay-color":"","overlay-opacity":"","overlay-gradient":""}},"ast-content-background-meta":{"desktop":{"background-color":"var(--ast-global-color-5)","background-image":"","background-repeat":"repeat","background-position":"center center","background-size":"auto","background-attachment":"scroll","background-type":"","background-media":"","overlay-type":"","overlay-color":"","overlay-opacity":"","overlay-gradient":""},"tablet":{"background-color":"var(--ast-global-color-5)","background-image":"","background-repeat":"repeat","background-position":"center center","background-size":"auto","background-attachment":"scroll","background-type":"","background-media":"","overlay-type":"","overlay-color":"","overlay-opacity":"","overlay-gradient":""},"mobile":{"background-color":"var(--ast-global-color-5)","background-image":"","background-repeat":"repeat","background-position":"center center","background-size":"auto","background-attachment":"scroll","background-type":"","background-media":"","overlay-type":"","overlay-color":"","overlay-opacity":"","overlay-gradient":""}},"footnotes":""},"class_list":["post-42","page","type-page","status-publish","hentry"],"_links":{"self":[{"href":"https:\/\/solidpro.com.pl\/index.php\/wp-json\/wp\/v2\/pages\/42","targetHints":{"allow":["GET"]}}],"collection":[{"href":"https:\/\/solidpro.com.pl\/index.php\/wp-json\/wp\/v2\/pages"}],"about":[{"href":"https:\/\/solidpro.com.pl\/index.php\/wp-json\/wp\/v2\/types\/page"}],"author":[{"embeddable":true,"href":"https:\/\/solidpro.com.pl\/index.php\/wp-json\/wp\/v2\/users\/1"}],"replies":[{"embeddable":true,"href":"https:\/\/solidpro.com.pl\/index.php\/wp-json\/wp\/v2\/comments?post=42"}],"version-history":[{"count":17,"href":"https:\/\/solidpro.com.pl\/index.php\/wp-json\/wp\/v2\/pages\/42\/revisions"}],"predecessor-version":[{"id":92,"href":"https:\/\/solidpro.com.pl\/index.php\/wp-json\/wp\/v2\/pages\/42\/revisions\/92"}],"wp:attachment":[{"href":"https:\/\/solidpro.com.pl\/index.php\/wp-json\/wp\/v2\/media?parent=42"}],"curies":[{"name":"wp","href":"https:\/\/api.w.org\/{rel}","templated":true}]}}